{"id":2404,"date":"2022-08-05T00:20:39","date_gmt":"2022-08-05T00:20:39","guid":{"rendered":"https:\/\/staging.ativehosting.com\/resul\/?page_id=2404"},"modified":"2024-09-09T14:43:51","modified_gmt":"2024-09-09T14:43:51","slug":"organisation-operationnelle","status":"publish","type":"page","link":"https:\/\/resul.pt\/fr\/organisation-operationnelle\/","title":{"rendered":"Organisation op\u00e9rationnelle"},"content":{"rendered":"<div class=\"fusion-fullwidth fullwidth-box fusion-builder-row-1 fusion-flex-container nonhundred-percent-fullwidth non-hundred-percent-height-scrolling\" style=\"background-color: rgba(255,255,255,0);background-position: center center;background-repeat: no-repeat;border-width: 0px 0px 0px 0px;border-color:var(--awb-color3);border-style:solid;\" ><div class=\"fusion-builder-row fusion-row fusion-flex-align-items-flex-start fusion-flex-justify-content-center\" style=\"max-width:calc( 1200px + 80px );margin-left: calc(-80px \/ 2 );margin-right: calc(-80px \/ 2 );\"><div class=\"fusion-layout-column fusion_builder_column fusion-builder-column-0 fusion_builder_column_2_3 2_3 fusion-flex-column fusion-animated\" data-animationType=\"fadeInDown\" data-animationDuration=\"1.0\" data-animationOffset=\"top-into-view\"><div class=\"fusion-column-wrapper fusion-flex-justify-content-flex-start fusion-content-layout-column\" style=\"background-position:left top;background-repeat:no-repeat;-webkit-background-size:cover;-moz-background-size:cover;-o-background-size:cover;background-size:cover;padding: 0px 0px 0px 0px;\"><style type=\"text\/css\">@media only screen and (max-width:1024px) {.fusion-title.fusion-title-1{margin-top:10px!important; margin-right:0px!important;margin-bottom:30px!important;margin-left:0px!important;}}@media only screen and (max-width:640px) {.fusion-title.fusion-title-1{margin-top:10px!important; margin-right:0px!important;margin-bottom:10px!important; margin-left:0px!important;}}<\/style><div class=\"fusion-title title fusion-title-1 fusion-sep-none fusion-title-center fusion-title-text fusion-title-size-three\" style=\"margin-top:10px;margin-right:0px;margin-bottom:30px;margin-left:0px;\"><h3 class=\"title-heading-center\" style=\"margin:0;\">Organisation op\u00e9rationnelle<\/h3><\/div><div class=\"fusion-text fusion-text-1\" style=\"text-align:justify;\"><p>La structure op\u00e9rationnelle du RESUL est organis\u00e9e comme suit :<\/p>\n<ul>\n<li>La gestion<\/li>\n<li>Direction Commerciale March\u00e9 Int\u00e9rieur et Ext\u00e9rieur (DCG)<\/li>\n<li>Direction des Services aux Energies Renouvelables (DSE)<\/li>\n<li>Direction Administrative et Financi\u00e8re (DAF)<\/li>\n<li>Logistique\/Achats\/Centre d&rsquo;Entrep\u00f4ts (DCL)<\/li>\n<li>D\u00e9partement l\u00e9gal<\/li>\n<li>Noyau de qualit\u00e9<\/li>\n<\/ul>\n<\/div><\/div><style type=\"text\/css\">.fusion-body .fusion-builder-column-0{width:66.666666666667% !important;margin-top : 0px;margin-bottom : 20px;}.fusion-builder-column-0 > .fusion-column-wrapper {padding-top : 0px !important;padding-right : 0px !important;margin-right : 40px;padding-bottom : 0px !important;padding-left : 0px !important;margin-left : 40px;}@media only screen and (max-width:1024px) {.fusion-body .fusion-builder-column-0{width:66.666666666667% !important;order : 0;}.fusion-builder-column-0 > .fusion-column-wrapper {margin-right : 40px;margin-left : 40px;}}@media only screen and (max-width:640px) {.fusion-body .fusion-builder-column-0{width:83.333333333333% !important;order : 0;}.fusion-builder-column-0 > .fusion-column-wrapper {margin-right : 40px;margin-left : 40px;}}<\/style><\/div><\/div><style type=\"text\/css\">.fusion-body .fusion-flex-container.fusion-builder-row-1{ padding-top : 90px;margin-top : 0px;padding-right : 0px;padding-bottom : 90px;margin-bottom : 0px;padding-left : 0px;}@media only screen and (max-width:640px) {.fusion-body .fusion-flex-container.fusion-builder-row-1{ padding-top : 0px;}}<\/style><\/div>\n","protected":false},"excerpt":{"rendered":"","protected":false},"author":1,"featured_media":0,"parent":0,"menu_order":0,"comment_status":"closed","ping_status":"closed","template":"100-width.php","meta":{"footnotes":""},"_links":{"self":[{"href":"https:\/\/resul.pt\/fr\/wp-json\/wp\/v2\/pages\/2404"}],"collection":[{"href":"https:\/\/resul.pt\/fr\/wp-json\/wp\/v2\/pages"}],"about":[{"href":"https:\/\/resul.pt\/fr\/wp-json\/wp\/v2\/types\/page"}],"author":[{"embeddable":true,"href":"https:\/\/resul.pt\/fr\/wp-json\/wp\/v2\/users\/1"}],"replies":[{"embeddable":true,"href":"https:\/\/resul.pt\/fr\/wp-json\/wp\/v2\/comments?post=2404"}],"version-history":[{"count":5,"href":"https:\/\/resul.pt\/fr\/wp-json\/wp\/v2\/pages\/2404\/revisions"}],"predecessor-version":[{"id":3841,"href":"https:\/\/resul.pt\/fr\/wp-json\/wp\/v2\/pages\/2404\/revisions\/3841"}],"wp:attachment":[{"href":"https:\/\/resul.pt\/fr\/wp-json\/wp\/v2\/media?parent=2404"}],"curies":[{"name":"wp","href":"https:\/\/api.w.org\/{rel}","templated":true}]}}