{"id":2041,"date":"2022-06-23T17:45:42","date_gmt":"2022-06-23T17:45:42","guid":{"rendered":"https:\/\/staging.ativehosting.com\/resul\/?page_id=2041"},"modified":"2024-09-09T14:10:12","modified_gmt":"2024-09-09T14:10:12","slug":"a-propos-de-resul","status":"publish","type":"page","link":"https:\/\/resul.pt\/fr\/a-propos-de-resul\/","title":{"rendered":"A propos de Resul"},"content":{"rendered":"<div class=\"fusion-fullwidth fullwidth-box fusion-builder-row-1 fusion-flex-container nonhundred-percent-fullwidth non-hundred-percent-height-scrolling\" style=\"background-color: rgba(255,255,255,0);background-position: center center;background-repeat: no-repeat;border-width: 0px 0px 0px 0px;border-color:var(--awb-color3);border-style:solid;\" ><div class=\"fusion-builder-row fusion-row fusion-flex-align-items-flex-start fusion-flex-justify-content-center\" style=\"max-width:calc( 1200px + 80px );margin-left: calc(-80px \/ 2 );margin-right: calc(-80px \/ 2 );\"><div class=\"fusion-layout-column fusion_builder_column fusion-builder-column-0 fusion_builder_column_2_3 2_3 fusion-flex-column fusion-animated\" data-animationType=\"fadeInDown\" data-animationDuration=\"1.0\" data-animationOffset=\"top-into-view\"><div class=\"fusion-column-wrapper fusion-flex-justify-content-flex-start fusion-content-layout-column\" style=\"background-position:left top;background-repeat:no-repeat;-webkit-background-size:cover;-moz-background-size:cover;-o-background-size:cover;background-size:cover;padding: 0px 0px 0px 0px;\"><style type=\"text\/css\">@media only screen and (max-width:1024px) {.fusion-title.fusion-title-1{margin-top:10px!important; margin-right:0px!important;margin-bottom:30px!important;margin-left:0px!important;}}@media only screen and (max-width:640px) {.fusion-title.fusion-title-1{margin-top:10px!important; margin-right:0px!important;margin-bottom:10px!important; margin-left:0px!important;}}<\/style><div class=\"fusion-title title fusion-title-1 fusion-sep-none fusion-title-center fusion-title-text fusion-title-size-three\" style=\"margin-top:10px;margin-right:0px;margin-bottom:30px;margin-left:0px;\"><h3 class=\"title-heading-center\" style=\"margin:0;\">A propos de Resul<\/h3><\/div><div class=\"fusion-text fusion-text-1\" style=\"text-align:justify;\"><p style=\"text-align: justify;\">RESUL est une soci\u00e9t\u00e9 portugaise \u00e0 capitaux priv\u00e9s, dont les principaux clients sont principalement des services publics dans le secteur de l&rsquo;\u00e9nergie.<\/p>\n<p style=\"text-align: justify;\">RESUL s&rsquo;affirme aujourd&rsquo;hui comme une entreprise essentiellement c\u00e9r\u00e9brale et imaginative o\u00f9 sont \u00e9tudi\u00e9es, con\u00e7ues, d\u00e9velopp\u00e9es et produites des solutions d&rsquo;approvisionnement pour les r\u00e9seaux de distribution d&rsquo;\u00e9nergie (\u00e9lectricit\u00e9, \u00e9clairage public et GPL), les centrales solaires et les syst\u00e8mes de pr\u00e9paiement de l&rsquo;\u00e9nergie \u00e9lectrique.<\/p>\n<p style=\"text-align: justify;\">Donn\u00e9es d&rsquo;identification :<\/p>\n<ul>\n<li style=\"text-align: justify;\">D\u00e9nomination sociale : RESUL, Equipamentos de Energia SA<\/li>\n<li style=\"text-align: justify;\">Date de constitution : ao\u00fbt 1982<\/li>\n<li style=\"text-align: justify;\">Capital social : 1 900 000 \u20ac<\/li>\n<li style=\"text-align: justify;\">Autres donn\u00e9es officielles : soci\u00e9t\u00e9 anonyme, immatricul\u00e9e au registre du commerce de Loures sous le num\u00e9ro d&rsquo;entreprise 501428836.<\/li>\n<\/ul>\n<\/div><\/div><style type=\"text\/css\">.fusion-body .fusion-builder-column-0{width:66.666666666667% !important;margin-top : 0px;margin-bottom : 20px;}.fusion-builder-column-0 > .fusion-column-wrapper {padding-top : 0px !important;padding-right : 0px !important;margin-right : 40px;padding-bottom : 0px !important;padding-left : 0px !important;margin-left : 40px;}@media only screen and (max-width:1024px) {.fusion-body .fusion-builder-column-0{width:66.666666666667% !important;order : 0;}.fusion-builder-column-0 > .fusion-column-wrapper {margin-right : 40px;margin-left : 40px;}}@media only screen and (max-width:640px) {.fusion-body .fusion-builder-column-0{width:83.333333333333% !important;order : 0;}.fusion-builder-column-0 > .fusion-column-wrapper {margin-right : 40px;margin-left : 40px;}}<\/style><\/div><\/div><style type=\"text\/css\">.fusion-body .fusion-flex-container.fusion-builder-row-1{ padding-top : 90px;margin-top : 0px;padding-right : 0px;padding-bottom : 90px;margin-bottom : 0px;padding-left : 0px;}@media only screen and (max-width:640px) {.fusion-body .fusion-flex-container.fusion-builder-row-1{ padding-top : 0px;}}<\/style><\/div>\n","protected":false},"excerpt":{"rendered":"","protected":false},"author":1,"featured_media":0,"parent":0,"menu_order":0,"comment_status":"closed","ping_status":"closed","template":"100-width.php","meta":{"footnotes":""},"_links":{"self":[{"href":"https:\/\/resul.pt\/fr\/wp-json\/wp\/v2\/pages\/2041"}],"collection":[{"href":"https:\/\/resul.pt\/fr\/wp-json\/wp\/v2\/pages"}],"about":[{"href":"https:\/\/resul.pt\/fr\/wp-json\/wp\/v2\/types\/page"}],"author":[{"embeddable":true,"href":"https:\/\/resul.pt\/fr\/wp-json\/wp\/v2\/users\/1"}],"replies":[{"embeddable":true,"href":"https:\/\/resul.pt\/fr\/wp-json\/wp\/v2\/comments?post=2041"}],"version-history":[{"count":9,"href":"https:\/\/resul.pt\/fr\/wp-json\/wp\/v2\/pages\/2041\/revisions"}],"predecessor-version":[{"id":3812,"href":"https:\/\/resul.pt\/fr\/wp-json\/wp\/v2\/pages\/2041\/revisions\/3812"}],"wp:attachment":[{"href":"https:\/\/resul.pt\/fr\/wp-json\/wp\/v2\/media?parent=2041"}],"curies":[{"name":"wp","href":"https:\/\/api.w.org\/{rel}","templated":true}]}}